{"id":156,"date":"2012-10-04T23:59:21","date_gmt":"2012-10-04T23:59:21","guid":{"rendered":"https:\/\/josebechara.com\/en\/?page_id=156"},"modified":"2016-10-27T15:10:51","modified_gmt":"2016-10-27T15:10:51","slug":"bibliography","status":"publish","type":"page","link":"https:\/\/josebechara.com\/en\/bibliography\/","title":{"rendered":"Bibliography"},"content":{"rendered":"<p>ASSIS, J\u00falio. <em>Arte feita de cicatrizes.<\/em> IN: O Tempo Magazine. Belo Horizonte, Brasil. 18 de Junho de 2002.<\/p>\n<p>BARRO, David. <em>La mirada tensa de Jos\u00e9 Bechara<\/em>. IN: Cat\u00e1logo, Jos\u00e9 Bechara. Lisboa, Portugal. 2005.<\/p>\n<p>BUENO, Guilherme. <em>Jos\u00e9 Bechara, uma produ\u00e7\u00e3o muito ativa.<\/em> IN: DasArtes. Rio de Janeiro, Brasil. Edi\u00e7\u00e3o n\u00ba 13, ver\u00e3o de 2011.<\/p>\n<p>CAPUTO, Am\u00e1lia. <em>Del \u00f3xido a la casa. Espacios de tiempo y mem\u00f3ria<\/em> \u2013 Entrevista con el artista Jos\u00e9 Bechara. IN: Arte Al Dia Internacional. Madri, Espanha. 2004.<\/p>\n<p>CARDOSO, Joana Amaral. <em>Instala\u00e7\u00e3o Gulbenkian desconstr\u00f3i o futuro.<\/em> IN: P\u00fablico: Cultura. Lisboa, Portugal. 20 de Junho de 2009.<\/p>\n<p>COCCHIARALE, Fernando. <em>Jos\u00e9 Bechara.<\/em> IN: Cat\u00e1logo, Celma Albuquerque Galeria de Arte. Belo Horizonte, Brasil. Julho de 2002.<\/p>\n<p>COSTA, Paulo. <em>Jos\u00e9 Bechara exp\u00f5e e cria no MAM do Rio<\/em>. IN: Publimetro, Metrocultura. Rio de Janeiro, Brasil. 23 de Dezembro de 2010.<\/p>\n<p>COUTINHO, Wilson. <em>O Resto como Beleza<\/em>. IN: RioArte, ano 5, n\u00ba 22. Rio de Janeiro, Brasil, 1996.<\/p>\n<p>COUTINHO, Wilson. <em>A Vida est\u00e9tica da mat\u00e9ria.<\/em> IN: O Globo, Segundo caderno. Rio de Janeiro, Brasil. 06 de Junho de 1995.<\/p>\n<p>CUNHA, Al\u00e9cio. <em>Publica\u00e7\u00e3o analisa a criatividade e a postura essencialmente paradoxal do trabalho do artista.<\/em> IN: Jornal Hoje em Dia, Caderno Cultura, Belo Horizonte, Brasil. 30 de Mar\u00e7o de 2006.<\/p>\n<p>DIEGUES, Isabel, et al. <em>Arte brasileira para crian\u00e7as<\/em>. 1\u00aa ed. Rio de Janeiro: Cobog\u00f3. 2016. p. 110-111. Rio de Janeiro, Brasil, 2016.<\/p>\n<p>DUARTE, Paulo Sergio. <em>Essa casa de Bechara.<\/em> IN: A CASA, Editora Francisco<br \/>\nAlves. Rio de Janeiro, Brasil. 2006.<\/p>\n<p>DUARTE, Paulo Sergio. <em>Os 90<\/em>. IN: O Globo, Segundo Caderno. Rio de Janeiro, Brasil. 05 de Fevereiro de 2000.<\/p>\n<p>ESPINOZA, Eugenio. <em>Jos\u00e9 Bechara.<\/em> IN: ArtNexus, Reviews n\u00ba 54. Miami, Estados Unidos. Junho de 2005.<\/p>\n<p>FARIAS, Agnaldo. <em>A utopia enferrujada.<\/em>. IN: Cat\u00e1logo, exposi\u00e7\u00e3o <em>Squares and Patterns<\/em>. S\u00e3o Paulo, Brasil. Setembro de 2015.<\/p>\n<p>FARIAS, Agnaldo. <em>Jos\u00e9 Bechara<\/em>. Editora Barl\u00e9u. Rio de Janeiro, Brasil, 2013.<\/p>\n<p>FARIAS, Agnaldo. <em>A \u00faltima casa, a \u00faltima paisagem<\/em>. Galeria Espa\u00e7o Universit\u00e1rio da UFES e Galeria Matias Brotas. Vit\u00f3ria, Brasil. Novembro de 2007.<\/p>\n<p>FARIAS, Agnaldo. <em>Design \u00e9 arte? <\/em>IN: Boletim ADG, Associa\u00e7\u00e3o dos Designers Gr\u00e1ficos, n\u00ba 18. S\u00e3o Paulo, Brasil. Novembro de 2000. Dispon\u00edvel em: <a href=\"http:\/\/www.vitruvius.com.br\/arquitextos\/arq000\/esp024.asp\">http:\/\/www.vitruvius.com.br\/arquitextos\/arq000\/esp024.asp<\/a><\/p>\n<p>FARIAS, Agnaldo. <em>Duas margaridas e uma aranha.<\/em> IN: Cat\u00e1logo, Instituto Tomie Ohtake. S\u00e3o Paulo, Brasil, 2004<\/p>\n<p>FARIAS, Agnaldo. <em>O sumo da viol\u00eancia.<\/em> IN: A CASA. Rio de Janeiro, Brasil. Editora Francisco Alves, 2006.<\/p>\n<p>FARIAS, Agnaldo. <em>Parceiro do tempo<\/em>. IN: Cat\u00e1logo, Museu de Arte Moderna, Rio de Janeiro, Brasil, 1998.<\/p>\n<p>FARIAS, Agnaldo.<em> Jos\u00e9 Bechara.<\/em> IN: Cat\u00e1logo, Iconografias Metropolitanas, 25\u00aa Bienal de S\u00e3o Paulo, Funda\u00e7\u00e3o Bienal de S\u00e3o Paulo. S\u00e3o Paulo, Brasil. Mar\u00e7o de 2002.<\/p>\n<p>FERREIRA, Gl\u00f3ria. <em>Quando a noite encosta na janela.<\/em> IN: Blefuscu, Dardo ds. Santiago de Compostella, Espanha, 2008.<\/p>\n<p>FERREIRA, Gl\u00f3ria.<em> Da pintura e da escultura.<\/em>IN: Cat\u00e1logo, Jos\u00e9 Bechara e Nelson F\u00e9lix, Celma Albuquerque Galeria de Arte. Belo Horizonte, Brasil, 1999.<\/p>\n<p>GON\u00c7ALVES FILHO, Antonio. Bechara faz da lona o novo territ\u00f3rio da arte. In: <em>O Estado de S\u00e3o Paulo,<\/em> S\u00e3o Paulo, 22 de agosto de 1998.<\/p>\n<p>HERRERA, Adriana. <em>Proyecto &#8220;A Casa&#8221; de Bechara.<\/em> IN: El Nuevo Herald, Artes y Letras, Galeria Domenical. Miami, Estados Unidos, 2006.<\/p>\n<p>KAZ, Leonel. <em>Um ir-se de coisas.<\/em> IN: RioArtes, n\u00ba 35. Rio de Janeiro, Brasil. Outubro de 2003.<\/p>\n<p>LAMBERT, Maria de F\u00e1tima.<em> Jos\u00e9 Bechara &#8211; essa &#8220;Cinza das horas&#8230;&#8221;.<\/em> Escrito especialmente para o site do artista. Porto, Portugal. Dezembro de 2005.<\/p>\n<p>LUIS, Carlos M. <em>La geometria oxidada de Jos\u00e9 Bechara.<\/em> IN: El Nuevo Herald, Artes y Letras, Galeria Domenical. Miami, Estados Unidos. Maio de 2004.<\/p>\n<p>MENDON\u00c7A, Dudam. <em>Jos\u00e9 Bechara: Entrevista<\/em>. IN: B4, n\u00ba 14. Rio de Janeiro, Brasil, 2013.<\/p>\n<p>MESQUITA, Tiago. <em>Final feliz.<\/em> IN: Bravo! n\u00ba 116. S\u00e3o Paulo, Brasil. Abril de 2007.<\/p>\n<p>MOLINA, Camila. <em>A casa e sua geometria despercebida.<\/em> IN: O Estado de S\u00e3o Paulo, Caderno 2. S\u00e3o Paulo, Brasil. 15 de Mar\u00e7o de 2007.<\/p>\n<p>MOLINA, Camila. <em>Casa e cotidiano na vis\u00e3o de Bechara.<\/em> IN: O Estado de S\u00e3o Paulo, Caderno 2, p.10. S\u00e3o Paulo, Brasil. 15 de Julho 2006.<\/p>\n<p>MONJE, C. <em>Bechara instala en el Herreriano una met\u00e1fora sobre lo dom\u00e9stico<\/em>. IN: El Mundo, Cultura, p. 33.\u00a0Valladolid, Espanha. 09 de Fevereiro de 2008.<\/p>\n<p>NAVAS, Adolfo Montejo. <em>Jos\u00e9 Bechara<\/em>. IN: Lapiz, n\u00ba 249, p.84. Madrid, Espanha. Janeiro de 2009.<\/p>\n<p>OLIVEIRA, Ana Pais. <em>Jos\u00e9 Bechara \u2013 a geometria impulsiva, dramaticamente finita<\/em>. IN: A cor entre o espa\u00e7o pict\u00f3rico e o espa\u00e7o arquitect\u00f3nico: processos relacionais nas pr\u00e1ticas art\u00edsticas contempor\u00e2neas. Tese de doutorado em Arte e Design &#8211; Pintura &#8211; Faculdade de Belas-Artes da Universidade do Porto. Porto, Portugal, 2015.<\/p>\n<p>OLIVEIRA, Cinthya. <em>Sinal verde \u00e0 inspira\u00e7\u00e3o<\/em>.\u00a0 IN: Hoje em dia , Caderno Cultura. Belo Horizonte, Brasil. 29 de Abril de 2011.<\/p>\n<p>OLIVEIRA, Domingos. <em>Jos\u00e9 Bechara + Domingos de Oliveira.<\/em> IN: Imagem Escrita, livro 2, Edi\u00e7\u00f5es Graal Ltda. Rio de Janeiro, Brasil, 1999.<\/p>\n<p>OSORIO, Luis Camillo. <em>Sobre os vidros<\/em>. IN: release exposic\u00e3o <em>Jaguares<\/em> &#8211; Pa\u00e7o Imperial. Rio de Janeiro, Brasil, 2015.<\/p>\n<p>OSORIO, Luis Camillo. <em>Processos e desvios.<\/em> IN: A CASA, Editora Francisco Alves. Rio de Janeiro, Brasil, 2006.<\/p>\n<p>OSORIO, Luis Camillo. <em>Bechara fecha ciclo iniciado no come\u00e7o da d\u00e9cada, insinua novos caminhos.<\/em> IN: O Globo, Segundo Caderno. Rio de Janeiro, Brasil. Outubro de 1998.<\/p>\n<p>PENNAFORT, Roberta. <em>\u00c9 preciso perturbar o MAM, que \u00e9 precioso.<\/em> IN: Folha de S\u00e3o Paulo, Caderno 2. S\u00e3o Paulo, Brasil. 23 de Novembro de 2010.<\/p>\n<p>PEREIRA, Marcelo.<em> Sem limites para a pintura.<\/em> IN: A Gazeta, Caderno 2. Vit\u00f3ria, Esp\u00edrito Santo. Brasil. 28 de Maio de 2009.<\/p>\n<p>PESSANHA, Luciana. <em>O artista e o vaga-lume.<\/em> IN: Modo de vida, Joyce Pascowitch. S\u00e3o Paulo, Brasil. Junho de 2010.<\/p>\n<p>PINHEIRO, Marcelo. <em>Na natureza viva<\/em>. IN: ARTE!Brasileiros. S\u00e3o Paulo, Brasil. Setembro\/outubro de 2011.<\/p>\n<p>REIFENSCHEID, Beate. <em>Material Immaterial<\/em>. IN: Cat\u00e1logo, exposi\u00e7\u00e3o <em>Squares and patterns<\/em>. Koblenz, Alemanha, 2015.<\/p>\n<p>REIS, Paulo. <em>Um oceano inteiro para nadar<\/em>. IN: Cat\u00e1logo, Culturgest. Lisboa, Portugal. Julho de 2000.<\/p>\n<p>REIS, S\u00e9rgio Rodrigo. <em>Casa Aberta, Jos\u00e9 Bechara abre mostra de desenhos e esculturas na Celma Albuquerque Galeria de Arte<\/em>.\u00a0 IN: Estado de Minas. Belo Horizonte,\u00a0 Brasil. 28 de Maio de 2009.<\/p>\n<p>RIBEIRO, Antonio Pinto.<em> LA CASA.<\/em> IN: Revista Pr\u00f3ximo Futuro, n\u00ba 01. Funda\u00e7\u00e3o Calouste Gulbenkian. Lisboa, Portugal. Junho de 2009.<\/p>\n<p>RODRIGUES, Cl\u00e1udia. <em>Borboletas de chumbo<\/em>. IN: Revista OH! n\u00ba 6. Rio de Janeiro, Brasil. Novembro de 2010.<\/p>\n<p>ROELS JR, Reynaldo. <em>O Moderno e o contempor\u00e2neo na arte brasileira: Cole\u00e7\u00e3o Gilberto Chateaubriand.<\/em> IN: Cat\u00e1logo, Museu de Arte Moderna. Rio de Janeiro, Brasil, 1998.<\/p>\n<p>SARDO, Delfim. <em>6 pontos sobre o trabalho de Jos\u00e9 Bechara.<\/em> IN: Blefuscu. Dardo ds. Santiago de Compostella, Espanha. 2008.<\/p>\n<p>SCOVINO, Felipe. <em>Pintura contaminada pela poeira do mundo<\/em>. IN: Cat\u00e1logo Galeria Sim\u00f5es de Assis. Curitiba, Brasil, 2015.<\/p>\n<p>SCOVINO, Felipe. <em>Jos\u00e9 Bechara, Museu de Arte Moderna do Rio de Janeiro.<\/em> IN: FlashArt n\u00ba 278. Rio de Janeiro, Brasil. Junho de 2011.<\/p>\n<p>SEBASTI\u00c3O, Walter. <em>Geometria da emo\u00e7\u00e3o.<\/em> IN: O Estado de Minas Gerais, Cultura. Belo Horizonte, Brasil. 18 de Junho de 2002.<\/p>\n<p>SEBASTIAO, Walter. <em>Geometria viva.<\/em> IN: Estado de Minas,\u00a0 Caderno Cultura.\u00a0 Belo Horizonte, Brasil. 29 de abril de 2011.<\/p>\n<p>SOUZA, Rocha de. <em>Jos\u00e9 Bechara: As oxida\u00e7\u00f5es parietais.<\/em> IN: JL, Jornal de Letras, Artes e Id\u00e9ias, p. 30. Lisboa, Portugal. 21 de Dezembro de 2006.<\/p>\n<p>THOMAZ, Didonet. <em>Jos\u00e9 Bechara.<\/em> A Casa. IN: Gazeta do Povo, Caderno G, p. 8. Curitiba, Brasil. 17 de Novembro de 2002.<\/p>\n<p>VELASCO, Suzana. <em>Jos\u00e9 Bechara bagun\u00e7a a casa: Artista interfere na Funda\u00e7\u00e3o Eva Klabin e exp\u00f5e novos trabalhos na galeria Lurixs.<\/em> IN: O Globo, Segundo Caderno, p. 1.\u00a0Rio de Janeiro, Brasil. 15 de Novembro 2008.<\/p>\n<p>VELASCO, Suzana. <em>Jos\u00e9 Bechara lan\u00e7a livro de desenhos em edi\u00e7\u00e3o tril\u00edngue<\/em>. IN: O Globo, Segundo Caderno. Rio de Janeiro, Brasil. 15 de Julho de 2010.<\/p>\n<p>VELASCO, Suzana. <em>O abismo de Bechara.<\/em> IN: O Globo, Segundo Caderno. Rio de Janeiro, Brasil. 20 de Novembro de 2010.<\/p>\n<p>VIANNA, Luiz Fernando. <em>Arte de risco.<\/em> IN: Folha de S\u00e3o Paulo, revista Serafina. S\u00e3o Paulo, Brasil. Novembro de 2010.<\/p>\n<p>VIANNA, Luiz Fernando. <em>Artista pl\u00e1stico Jos\u00e9 Bechara rev\u00ea carreira em livro e mostra.<\/em> IN: Folha de S\u00e3o Paulo, Ilustrada. S\u00e3o Paulo, Brasil. 13 de Julho de 2010.<\/p>\n<p>VIANNA, Luiz Fernando.<em> Sem c\u00f4modos, a \u201cCasa\u201d de Bechara desaloja mem\u00f3rias do lar<\/em>. IN: Folha de S\u00e3o Paulo, Ilustrada. S\u00e3o Paulo, Brasil. 11 de Agosto de 2004.<\/p>\n<p>ZEITLIN, Marilyn A. <em>&#8220;Domic\u00edlio (ir)rompido&#8221;<\/em>. IN: Blefuscu. Dardo ds. Santiago de Compostella, Espanha, 2008.<\/p>\n","protected":false},"excerpt":{"rendered":"<p>ASSIS, J\u00falio. Arte feita de cicatrizes. IN: O Tempo Magazine. Belo Horizonte, Brasil. 18 de Junho de 2002. BARRO, David. La mirada tensa de Jos\u00e9 Bechara. IN: Cat\u00e1logo, Jos\u00e9 Bechara. Lisboa, Portugal. 2005. BUENO, Guilherme. [&hellip;]<\/p>\n","protected":false},"author":1,"featured_media":0,"parent":0,"menu_order":0,"comment_status":"open","ping_status":"open","template":"","meta":{"footnotes":""},"class_list":["post-156","page","type-page","status-publish","hentry"],"_links":{"self":[{"href":"https:\/\/josebechara.com\/en\/wp-json\/wp\/v2\/pages\/156","targetHints":{"allow":["GET"]}}],"collection":[{"href":"https:\/\/josebechara.com\/en\/wp-json\/wp\/v2\/pages"}],"about":[{"href":"https:\/\/josebechara.com\/en\/wp-json\/wp\/v2\/types\/page"}],"author":[{"embeddable":true,"href":"https:\/\/josebechara.com\/en\/wp-json\/wp\/v2\/users\/1"}],"replies":[{"embeddable":true,"href":"https:\/\/josebechara.com\/en\/wp-json\/wp\/v2\/comments?post=156"}],"version-history":[{"count":6,"href":"https:\/\/josebechara.com\/en\/wp-json\/wp\/v2\/pages\/156\/revisions"}],"predecessor-version":[{"id":1137,"href":"https:\/\/josebechara.com\/en\/wp-json\/wp\/v2\/pages\/156\/revisions\/1137"}],"wp:attachment":[{"href":"https:\/\/josebechara.com\/en\/wp-json\/wp\/v2\/media?parent=156"}],"curies":[{"name":"wp","href":"https:\/\/api.w.org\/{rel}","templated":true}]}}