{"id":270,"date":"2012-10-23T20:29:55","date_gmt":"2012-10-23T20:29:55","guid":{"rendered":"https:\/\/josebechara.com\/en\/?page_id=270"},"modified":"2025-10-29T14:45:52","modified_gmt":"2025-10-29T14:45:52","slug":"texts","status":"publish","type":"page","link":"https:\/\/josebechara.com\/en\/texts\/","title":{"rendered":"Texts"},"content":{"rendered":"<p><a href=\"https:\/\/josebechara.com\/en\/artnexus-n-121\/\"><span style=\"color: #000000;\"><strong>\u201cArtNexus n. 121\u201d<\/strong><\/span><\/a><br \/><span style=\"color: #000000;\">Irina Leyva<\/span><br \/>Diana Lowenstein Gall<span style=\"color: #000000;\">ery, Miami, United States, 2023<br \/>Text written for ArtNexus: Arte en Colombia 167, issue no. 121, December 2023 edition.<\/span><\/p>\n<p><a style=\"color: #000000;\" href=\"https:\/\/josebechara.com\/en\/wanderings-in-the-labyrinth\/\"><strong>&#8220;Wanderings in the Labyrinth&#8221;<\/strong><\/a><br \/>Victor Gorgulho<br \/>Lisbon, Portugal, 2025<br \/>Text written for Jos\u00e9 Bechara\u2019s exhibition \u201cWanderings in the Labyrinth\u201d at Carlos Carvalho Arte Contempor\u00e2nea gallery, Lisbon, 2025.<\/p>\n<p><span style=\"color: #000000;\"><a style=\"color: #000000;\" href=\"https:\/\/josebechara.com\/en\/the-thickness-of-things-in-jose-becharas-infinite-atlas\/\"><strong>&#8220;The thickness of things in Jos\u00e9 Bechara&#8217;s infinite atlas&#8221;<\/strong><\/a><\/span><br \/>Bianca Dias<br \/>Rio de Janeiro, Brasil, 2025<br \/>Text written for Jos\u00e9 Bechara\u2019s exhibition &#8220;The thickness of things in Jos\u00e9 Bechara&#8217;s infinite atlas&#8221;<br \/>at Galeria Maneco Mullier: Multiploy, Rio de Janeiro, 2025.<\/p>\n<p><span style=\"color: #000000;\"><a style=\"color: #000000;\" href=\"https:\/\/josebechara.com\/en\/from-chaos-to-order\/\"><b>&#8220;From Chaos To Order&#8221;<\/b><\/a><\/span><br \/>Luiz Armando Bagolin<br \/>Belo Horizonte, 2024<br \/>Text written for Jos\u00e9 Bechara&#8217;s exhibition &#8220;Falar de Longe&#8221; at Albuquerque Contempor\u00e2nea gallery, Belo Horizonte, 2024.<\/p>\n<p><span style=\"color: #000000;\"><a style=\"color: #000000;\" href=\"https:\/\/josebechara.com\/en\/zenith\/\"><b>&#8220;Zenith&#8221;<\/b><\/a><\/span><br \/>Felipe Scovino<br \/>Rio de Janeiro, 2022<br \/>Text written for Jos\u00e9 Bechara&#8217;s exhibition &#8220;Zenith&#8221; at Sim\u00f5es de Assis gallery, Curitiba, 2022.<\/p>\n<p><strong><span style=\"color: #000000;\"><a style=\"color: #000000;\" href=\"https:\/\/josebechara.com\/en\/the-eternal-debt-of-jose-bechara\/\">&#8220;The eternal debt of Jos\u00e9 Bechara&#8221;<\/a><\/span><\/strong><br \/>Clarissa Diniz<br \/>Rio de Janeiro, 2020<br \/>Text written for Jos\u00e9 Bechara&#8217;s exhibition &#8220;Ways of Condemning Certainties&#8221; at Mar\u00edlia Razuk gallery, S\u00e3o Paulo, 2020. Translated by Henrik Carbonnier.<\/p>\n<p><strong><span style=\"color: #000000;\"><a style=\"color: #000000;\" href=\"https:\/\/josebechara.com\/en\/the-tension-of-the-gaze\/\">&#8220;The tension of the gaze&#8221;<\/a><\/span><br \/><\/strong>David Barro<br \/>Santiago de Compostela, Spain, 2019.<br \/>In<em>\u00a0Oscilating Territory,<\/em>\u00a0published by Editora Barl\u00e9u, \u00a02019.<strong><br \/><\/strong><\/p>\n<p><span style=\"color: #000000;\"><strong><a style=\"color: #000000;\" href=\"https:\/\/josebechara.com\/en\/to-swim-you-need-to-conquer-the-sea\/\">&#8220;To swim you need to conquer the sea&#8221;<\/a><\/strong><\/span><br \/>Ant\u00f3nio Pinto Ribeiro<br \/>Lisbon, Portugal, 2019.<br \/>In<em>\u00a0Oscilating Territory,<\/em>\u00a0published by Editora Barl\u00e9u, \u00a02019.<\/p>\n<p><span style=\"color: #000000;\"><a style=\"color: #000000;\" href=\"https:\/\/josebechara.com\/en\/window-to-the-universe\/\"><strong>&#8220;Window to the universe&#8221;<\/strong><\/a><\/span><br \/>Beate Reifenscheid<br \/>Koblenz, Germany, 2019.<br \/>In<em>\u00a0Oscilating Territory,<\/em>\u00a0published by Editora Barl\u00e9u, \u00a02019.<\/p>\n<p><span style=\"color: #000000;\"><strong><a style=\"color: #000000;\" href=\"https:\/\/josebechara.com\/en\/oscilating-territory\/\">&#8220;Oscilating Territory&#8221;<\/a><\/strong><\/span><\/p>\n<p>Luiz Camillo Os\u00f3rio<br \/>Rio de Janeiro, Brazil, 2019<br \/>Text written for the catalogue of Jos\u00e9 Bechara\u2019s exhibition\u00a0&#8220;<em>Oscilating Territory&#8221;\u00a0at<\/em> Iber\u00ea Camargo Foundation, Porto Alegre &#8211; POA, 2019. Translated by Paul Webb.<\/p>\n<p><span style=\"color: #000000;\"><a style=\"color: #000000;\" href=\"https:\/\/josebechara.com\/en\/the-furious-matter-of-the-world\/\"><strong>&#8220;The furious matter of the world&#8221;<\/strong><\/a><\/span><\/p>\n<p><span style=\"color: #000000;\">Eucana\u00e3 Ferraz<\/span><br \/><span style=\"color: #000000;\">Rio de Janeiro, Brazil, 2019<\/span><br \/><span style=\"color: #000000;\">Text written for the catalogue of Jos\u00e9 Bechara\u2019s exhibition &#8220;<em>Loose\u00a0Ends&#8221; at<\/em> Sim\u00f5es de Assis Galeria de Arte, Curitiba &#8211; PR, 2019. Translated by Isabel Witt Lunardi.<\/span><\/p>\n<p><span style=\"color: #000000;\"><strong><a style=\"color: #000000;\" title=\"Jose Bechara - Brute Flux\" href=\"https:\/\/josebechara.com\/en\/jose-bechara-brute-flux\/\" target=\"_blank\" rel=\"noopener\">&#8220;Jos\u00e9 Bechara &#8211; Brute Flux&#8221;<\/a><\/strong><\/span><\/p>\n<p><span style=\"color: #000000;\">Prof. Dr. Beate Reifenscheid<\/span><br \/><span style=\"color: #000000;\">Rio de Janeiro, Brazil, 2017<\/span><br \/><span style=\"color: #000000;\">Text written for Jos\u00e9 Bechara&#8217;s exhibition &#8216;<em>Brute Flux&#8217; <\/em>at MAM-Rio<em>,\u00a0<\/em>Rio de Janeiro, Brazil, 2017.<\/span><\/p>\n<p><span style=\"color: #000000;\"><strong><a style=\"color: #000000;\" title=\"Material Immaterial\" href=\"https:\/\/josebechara.com\/en\/material-immaterial\/\" target=\"_blank\" rel=\"noopener\">&#8220;Material Immaterial&#8221;<\/a><\/strong><\/span><\/p>\n<p><span style=\"color: #000000;\">Prof. Dr. Beate Reifenscheid<\/span><br \/><span style=\"color: #000000;\">Koblenz, Germany, 2015<\/span><br \/><span style=\"color: #000000;\">Text written for the catalogue of Jos\u00e9 Bechara&#8217;s exhibition &#8220;<em>Squares and Patterns&#8221;<\/em>, in Koblenz, Germany, 2015-2016. Translated by Lis H. Moriconi.<\/span><\/p>\n<p><span style=\"color: #000000;\"><strong><a style=\"color: #000000;\" title=\"Rusting utopia\" href=\"https:\/\/josebechara.com\/en\/rusting-utopia\/\" target=\"_blank\" rel=\"noopener\">&#8220;Rusting utopia&#8221;<\/a><\/strong><\/span><\/p>\n<p><span style=\"color: #000000;\">Agnaldo Farias<\/span><br \/><span style=\"color: #000000;\">S\u00e3o Paulo, Brazil, 2015<\/span><br \/><span style=\"color: #000000;\">Text written for the catalogue of Jos\u00e9 Bechara&#8217;s exhibition &#8220;<em>Squares and Patterns&#8221;<\/em>, in Koblenz, Germany, 2015-2016. Translated by Lis H. Moriconi.<\/span><\/p>\n<p style=\"color: #000000;\"><span style=\"color: #000000;\"><b><a style=\"color: #000000;\" title=\"Jos\u00e9 Bechara\" href=\"https:\/\/josebechara.com\/en\/jose-bechara-3\/\" target=\"_blank\" rel=\"noopener\">&#8220;Jos\u00e9 Bechara&#8221;<\/a><br \/><\/b><\/span><\/p>\n<p style=\"color: #000000;\"><span style=\"color: #000000;\">Agnaldo Farias<\/span><br \/><span style=\"color: #000000;\">Rio de Janeiro, Brazil<\/span><br \/><span style=\"color: #000000;\">In<em style=\"font-weight: inherit; font-style: italic;\">\u00a0Jos\u00e9 Bechara<\/em>, published by Editora Barl\u00e9u, Rio de Janeiro, Brazil, 2013.<\/span><\/p>\n<p><span style=\"color: #000000;\"><strong><a style=\"color: #000000;\" title=\"The substance of violence\" href=\"https:\/\/josebechara.com\/en\/the-substance-of-violence\/\" target=\"_blank\" rel=\"noopener\">&#8220;The substance of violence&#8221;<\/a><\/strong><\/span><\/p>\n<p><span style=\"color: #000000;\">Agnaldo Farias<\/span><br \/><span style=\"color: #000000;\">S\u00e3o Paulo, Brazil<\/span><br \/><span style=\"color: #000000;\">In <em>A Casa<\/em>, published by Francisco Alves Editora, Rio de Janeiro, Brazil, \u00a02006<\/span><\/p>\n<p><span style=\"color: #000000;\"><a style=\"color: #000000;\" title=\"Jos\u00e9 Bechara\" href=\"https:\/\/josebechara.com\/en\/jose-bechara\/\" target=\"_blank\" rel=\"noopener\"><strong>&#8220;Jos\u00e9 Bechara&#8221;<\/strong><\/a><\/span><\/p>\n<p><span style=\"color: #000000;\">Agnaldo Farias<\/span><br \/><span style=\"color: #000000;\">Madrid, Spain<\/span><br \/><span style=\"color: #000000;\"><em>Artecontexto<\/em>, 2005<\/span><br \/><span style=\"color: #000000;\">(press)<\/span><\/p>\n<p><span style=\"color: #000000;\"><a style=\"color: #000000;\" title=\"Jos\u00e9 Bechara\" href=\"https:\/\/josebechara.com\/en\/about-glass\/\" target=\"_blank\" rel=\"noopener\"><strong>&#8220;About glass&#8221;<\/strong><\/a><\/span><\/p>\n<p><span style=\"color: #000000;\">Luiz Camillo Osorio<\/span><br \/><span style=\"color: #000000;\">Rio de Janeiro, Brazil<\/span><br \/><span style=\"color: #000000;\">Text for the exhibition &#8220;Jaguares&#8221;, at Pa\u00e7o Imperial, Rio de Janeiro, 2015-2016<\/span><\/p>\n<p><span style=\"color: #000000;\"><strong><a style=\"color: #000000;\" title=\"[untitled]\" href=\"https:\/\/josebechara.com\/en\/717-2\/\" target=\"_blank\" rel=\"noopener\">[untitled]<\/a><\/strong><\/span><\/p>\n<p><span style=\"color: #000000;\">Luiz Camillo Osorio<\/span><br \/><span style=\"color: #000000;\">Rio de Janeiro, Brazil<\/span><br \/><span style=\"color: #000000;\">In the catalogue of the exhibition &#8220;<em>Fendas&#8221; <\/em>at\u00a0MAM-Rio, Brazil, 2011<\/span><\/p>\n<p><span style=\"color: #000000;\"><a style=\"color: #000000;\" title=\"Jos\u00e9 Bechara: Processes and Redirections\" href=\"https:\/\/josebechara.com\/en\/jose-bechara-processes-and-redirections\/\" target=\"_blank\" rel=\"noopener\"><strong>&#8220;Jos\u00e9 Bechara: Processes and Redirections&#8221;<\/strong><\/a><\/span><\/p>\n<p><span style=\"color: #000000;\">Luiz Camillo Osorio<\/span><br \/><span style=\"color: #000000;\">Rio de Janeiro, Brazil<\/span><br \/><span style=\"color: #000000;\">In <em>A Casa<\/em>, published by Francisco Alves Editora, Rio de Janeiro, Brazil, 2006<\/span><\/p>\n<p><span style=\"color: #000000;\"><a style=\"color: #000000;\" title=\"This house of Bechara\u2019s\" href=\"https:\/\/josebechara.com\/en\/this-house-of-becharas\/\" target=\"_blank\" rel=\"noopener\"><strong>&#8220;This house of Bechara\u2019s<\/strong><\/a><\/span><\/p>\n<p><span style=\"color: #000000;\">Paulo Sergio Duarte<\/span><br \/><span style=\"color: #000000;\">\u00d3bidos, Portugal, 2005<\/span><br \/><span style=\"color: #000000;\">In <em>A Casa<\/em>, published by Francisco Alves Editora, Rio de Janeiro, Brazil, 2006<\/span><\/p>\n<p><span style=\"color: #000000;\"><strong><a style=\"color: #000000;\" title=\"The persistence of painting\" href=\"https:\/\/josebechara.com\/en\/the-persistence-of-painting\/\" target=\"_blank\" rel=\"noopener\">&#8220;The persistence of painting&#8221;<\/a><\/strong><\/span><\/p>\n<p><span style=\"color: #000000;\">Paulo Sergio Duarte<\/span><br \/><span style=\"color: #000000;\">Rio de Janeiro, Brazil<\/span><br \/><span style=\"color: #000000;\">Published by Funda\u00e7\u00e3o Bienal de Artes Visuais do Mercosul to the V Bienal de Artes Visuais do Mercosul, Porto Alegre, Brazil, 2005<\/span><\/p>\n<p><span style=\"color: #000000;\"><strong><a style=\"color: #000000;\" title=\"The road to before\" href=\"https:\/\/josebechara.com\/en\/the-road-to-before\/\" target=\"_blank\" rel=\"noopener\">&#8220;The road to before&#8221;<\/a><\/strong><\/span><\/p>\n<p><span style=\"color: #000000;\">Jacopo Crivelli Visconti<\/span><br \/><span style=\"color: #000000;\">Rio de Janeiro, Brazil, 2011<\/span><\/p>\n<p><span style=\"color: #000000;\"><a style=\"color: #000000;\" title=\"Blefuscu: six points on the work of Jos\u00e9 Bechara\" href=\"https:\/\/josebechara.com\/en\/blefuscu-six-points-on-the-work-of-jose-bechara\/\" target=\"_blank\" rel=\"noopener\"><strong>&#8220;Blefuscu: six points on the work of Jos\u00e9 Bechara&#8221;<\/strong><\/a><\/span><\/p>\n<p><span style=\"color: #000000;\">Delfim Sardo<\/span><br \/><span style=\"color: #000000;\">Lisbon, Portugal, 2007<\/span><br \/><span style=\"color: #000000;\">In <em>Blefuscu<\/em>, published by\u00a0Dardo &#8211; DS, Spain, 2008<\/span><\/p>\n<p><span style=\"color: #000000;\"><strong><a style=\"color: #000000;\" title=\"Jos\u00e9 Bechara: breaking but not entering\" href=\"https:\/\/josebechara.com\/en\/jose-bechara-breaking-but-not-entering\/\" target=\"_blank\" rel=\"noopener\">&#8220;Jos\u00e9 Bechara: Breaking but not entering<\/a>&#8220;<\/strong><\/span><\/p>\n<p><span style=\"color: #000000;\">Marilyn Zeitlin<\/span><br \/><span style=\"color: #000000;\">Phoenix &#8211; AZ, USA, 2007<\/span><br \/><span style=\"color: #000000;\">In<em> Blefuscu<\/em>, published by\u00a0Dardo &#8211; ds, Spain, 2008<\/span><\/p>\n<p><span style=\"color: #000000;\"><strong><a style=\"color: #000000;\" title=\"Painting contaminated by the world dust\" href=\"https:\/\/josebechara.com\/en\/painting-contaminated-by-the-world-dust\/\" target=\"_blank\" rel=\"noopener\">&#8220;Painting contaminated by the world dust&#8221;<\/a><\/strong><\/span><\/p>\n<p><span style=\"color: #000000;\">Felipe Scovino<\/span><br \/><span style=\"color: #000000;\">Rio de Janeiro, Brazil<\/span><br \/><span style=\"color: #000000;\">In the catalogue of the exhibition &#8220;<em>Jos\u00e9 Bechara&#8221;\u00a0<\/em>at Sim\u00f5es de Assis Art Gallery, Curitiba, Paran\u00e1, 2014<\/span><\/p>\n<p><span style=\"color: #000000;\"><a style=\"color: #000000;\" title=\"Review \u2013 Jos\u00e9 Bechara, Museu de Arte Moderna\" href=\"https:\/\/josebechara.com\/en\/review-mam-rj\/\"><strong>Review &#8211; Jos\u00e9 Bechara, Museu de Arte Moderna of Rio de Janeiro<\/strong><\/a><\/span><\/p>\n<p><span style=\"color: #000000;\">Felipe Scovino<\/span><br \/><span style=\"color: #000000;\">May-June 2011<\/span><br \/><span style=\"color: #000000;\">Focus Brazil<\/span><br \/><span style=\"color: #000000;\"><em>Flash Art\u00a0<\/em><\/span><br \/><span style=\"color: #000000;\">(press)<\/span><\/p>\n<p><span style=\"color: #000000;\"><a style=\"color: #000000;\" title=\"Firefly flashes, an adventure in Oz, and the drawings of Jos\u00e9 Bechara\" href=\"https:\/\/josebechara.com\/en\/firefly-flashes-an-adventure-in-oz-and-the-drawings-of-jose-bechara\/\"><strong>&#8220;Firefly flashes, an adventure in Oz, and the drawings of Jos\u00e9 Bechara&#8221;<\/strong><\/a><\/span><\/p>\n<p><span style=\"color: #000000;\">Fernando Cocchiarale<\/span><br \/><span style=\"color: #000000;\">Rio de Janeiro, Brasil<\/span><br \/><span style=\"color: #000000;\">In C<em>omo piscada de vaga-lume<\/em>, published by Editora R\u00e9ptil, Rio de Janeiro, Brazil, 2010<\/span><\/p>\n<p><span style=\"color: #000000;\"><strong><a style=\"color: #000000;\" title=\"Calculation and chance - the story of a possible encounter\" href=\"https:\/\/josebechara.com\/en\/calculation-and-chance-the-story-of-a-possible-encounter\/\" target=\"_blank\" rel=\"noopener\">&#8220;Calculation and chance &#8211; the story of a possible encounter&#8221;<\/a><\/strong><\/span><\/p>\n<p><span style=\"color: #000000;\">Luisa Duarte<\/span><br \/><span style=\"color: #000000;\">Rio de Janeiro, RJ, 2013<\/span><br \/><span style=\"color: #000000;\">Critique essay<\/span><\/p>\n<p><span style=\"color: #000000;\"><a style=\"color: #000000;\" title=\"Jos\u00e9 Bechara\u201ds tense gaze\" href=\"https:\/\/josebechara.com\/en\/jose-becharas-tense-gaze\/\" target=\"_blank\" rel=\"noopener\"><strong>&#8220;Jos\u00e9 Bechara&#8217;s tense gaze&#8221;<\/strong><\/a><\/span><\/p>\n<p><span style=\"color: #000000;\">David Barro<\/span><br \/><span style=\"color: #000000;\">Santiago de Compostela, Spain<\/span><br \/><span style=\"color: #000000;\">In <em>Jos\u00e9 Bechara<\/em>, published by Dardo \u2013 ds, Spain &amp; Galeria Carlos Carvalho Arte Contempor\u00e2nea, Portugal, 2005<\/span><\/p>\n<p><span style=\"color: #000000;\"><a style=\"color: #000000;\" title=\"Deambulations about qualities\u2026\" href=\"https:\/\/josebechara.com\/en\/deambulations-about-qualities\/\"><strong>&#8220;Deambulations\u00a0 about qualities\u2026&#8221;<\/strong><\/a><\/span><\/p>\n<p><span style=\"color: #000000;\">Paulo Reis<\/span><br \/><span style=\"color: #000000;\">Lisbon, Portugal<\/span><br \/><span style=\"color: #000000;\">In C<em>omo piscada de vaga-lume,\u00a0<\/em>published by Editora R\u00e9ptil, Rio de Janeiro, Brazil, 2010<\/span><\/p>\n<p><span style=\"color: #000000;\"><a style=\"color: #000000;\" title=\"Conversation with Jos\u00e9 Bechara\" href=\"https:\/\/josebechara.com\/en\/conversation-with-jose-bechara\/\" target=\"_blank\" rel=\"noopener\"><strong>&#8220;Conversation with Jos\u00e9 Bechara&#8221;<\/strong><\/a><\/span><\/p>\n<p><span style=\"color: #000000;\">Paulo Reis<\/span><br \/><span style=\"color: #000000;\">Interview<\/span><br \/><span style=\"color: #000000;\"><em>Dardo Magazine<\/em>\u00a07,\u00a02008<\/span><\/p>\n<p><span style=\"color: #000000;\"><strong><a style=\"color: #000000;\" title=\"ArtNexus n. 102\/2016\" href=\"https:\/\/josebechara.com\/en\/artnexus-n-102-sep-nov-2016\/\" target=\"_blank\" rel=\"noopener\">&#8220;ArtNexus n. 102\/2016&#8221;<\/a><\/strong><\/span><\/p>\n<p><span style=\"color: #000000;\">Sylvia Werneck<\/span><br \/><span style=\"color: #000000;\">Miami, USA<\/span><br \/><span style=\"color: #000000;\">Revista ArtNexus, n. 102, Sep-Nov\/2016<\/span><br \/><span style=\"color: #000000;\">(press)<\/span><\/p>\n<p><span style=\"color: #000000;\"><strong><a style=\"color: #000000;\" title=\"Saudade\" href=\"https:\/\/josebechara.com\/en\/saudade\/\" target=\"_blank\" rel=\"noopener\">&#8220;Saudade&#8221;<\/a><\/strong><\/span><\/p>\n<p><span style=\"color: #000000;\">Marcio Doctors<\/span><br \/><span style=\"color: #000000;\">Rio de Janeiro, Brazil<\/span><br \/><span style=\"color: #000000;\">In <em>Projeto Respira\u00e7\u00e3o<\/em>, published by Editora Cobog\u00f3 and Funda\u00e7\u00e3o Eva Klabin, Rio de Janeiro, Brazil, 2012<\/span><\/p>\n<p><span style=\"color: #000000;\"><a style=\"color: #000000;\" title=\"Jos\u00e9 Bechara, a very active production\" href=\"https:\/\/josebechara.com\/en\/jose-bechara-a-very-active-production\/\"><strong>&#8220;Jos\u00e9 Bechara: a very active production&#8221;<\/strong><\/a><\/span><\/p>\n<p><span style=\"color: #000000;\">Guilherme Bueno<\/span><br \/><span style=\"color: #000000;\">Rio de Janeiro, Brazil, 2011<\/span><br \/><span style=\"color: #000000;\"><em>Dasartes magazine<\/em><\/span><br \/><span style=\"color: #000000;\">(press)<\/span><\/p>\n<p><span style=\"color: #000000;\"><a style=\"color: #000000;\" title=\"Jos\u00e9 Bechara\" href=\"https:\/\/josebechara.com\/en\/jose-bechara-2\/\" target=\"_blank\" rel=\"noopener\"><strong>&#8220;Jos\u00e9 Bechara&#8221;<\/strong><\/a><\/span><\/p>\n<p><span style=\"color: #000000;\">Adolfo Montejo Navas<\/span><br \/><span style=\"color: #000000;\"><em>Lapiz &#8211; Revista Internacional de Arte<\/em> 249, 2009<\/span><br \/><span style=\"color: #000000;\">(press)<\/span><\/p>\n<p><span style=\"color: #000000;\"><a style=\"color: #000000;\" title=\"Nightfall against window panes\" href=\"https:\/\/josebechara.com\/en\/nightfall-against-window-panes\/\" target=\"_blank\" rel=\"noopener\"><strong>&#8220;Nightfall against window panes&#8221;<\/strong><\/a><\/span><\/p>\n<p><span style=\"color: #000000;\">Gl\u00f3ria Ferreira<\/span><br \/><span style=\"color: #000000;\">Interview, Rio de Janeiro, Brazil, 2007<\/span><br \/><span style=\"color: #000000;\">In <em>Blefuscu<\/em>, published by\u00a0Dardo &#8211; ds, Spain, 2008<\/span><\/p>\n<p><span style=\"color: #000000;\"><a style=\"color: #000000;\" title=\"Artist intervenes at the Funda\u00e7\u00e3o Eva Klabin and exhibits new works at Lurixs\" href=\"https:\/\/josebechara.com\/en\/artist-intervenes-at-the-fundacao-eva-klabin-and-exhibits-new-works-at-lurixs\/\" target=\"_blank\" rel=\"noopener\"><strong>&#8220;Artist intervenes at the Funda\u00e7\u00e3o Eva Klabin and exhibits new works at Lurixs&#8221;<\/strong><\/a><\/span><\/p>\n<p><span style=\"color: #000000;\">Suzana Velasco<\/span><br \/><span style=\"color: #000000;\">Rio de Janeiro, Brazil, 2008<\/span><br \/><span style=\"color: #000000;\"><em>O Globo<\/em><\/span><br \/><span style=\"color: #000000;\">(press)<\/span><\/p>\n<p><span style=\"color: #000000;\"><a style=\"color: #000000;\" title=\"Ashes of the hours\u2026\" href=\"https:\/\/josebechara.com\/en\/423-2\/\" target=\"_blank\" rel=\"noopener\"><strong>&#8220;Ashes of the hours\u2026&#8221;<\/strong><\/a><\/span><\/p>\n<p><span style=\"color: #000000;\">Maria de F\u00e1tima Lambert<\/span><br \/><span style=\"color: #000000;\">O Porto, Portugal 2006<\/span><br \/><span style=\"color: #000000;\">Especially written to the website www.josebechara.com<\/span><\/p>\n<p><span style=\"color: #000000;\"><a style=\"color: #000000;\" title=\"Bechara\u2019s The House project\" href=\"https:\/\/josebechara.com\/en\/433-2\/\" target=\"_blank\" rel=\"noopener\"><strong>&#8220;Bechara\u2019s The House project&#8221;<\/strong><\/a><\/span><\/p>\n<p><span style=\"color: #000000;\">Adriana Herrera T.<\/span><br \/><span style=\"color: #000000;\">Miami &#8211; FL, USA, 2006<\/span><br \/><span style=\"color: #000000;\"><em>El Nuevo Herald<\/em><\/span><br \/><span style=\"color: #000000;\">(press)<\/span><\/p>\n<p><span style=\"color: #000000;\"><a style=\"color: #000000;\" title=\"ArtNexus n.54  \u2013 vol 3\" href=\"https:\/\/josebechara.com\/en\/art-nexus-n-54-vol-3\/\" target=\"_blank\" rel=\"noopener\"><strong>&#8220;ArtNexus n.54 \u00a0\u2013 vol 3&#8221;<\/strong><\/a><\/span><\/p>\n<p><span style=\"color: #000000;\">Eugenio Espinoza<\/span><br \/><span style=\"color: #000000;\">Miami &#8211; FL, USA, 2004<\/span><br \/><span style=\"color: #000000;\">(press)<\/span><\/p>\n<p><span style=\"color: #000000;\"><a style=\"color: #000000;\" title=\"Jos\u00e9 Bechara\u2019s oxidized geometry\" href=\"https:\/\/josebechara.com\/en\/jose-becharas-oxidized-geometry\/\" target=\"_blank\" rel=\"noopener\"><strong>&#8220;Jos\u00e9 Bechara\u2019s oxidized geometry&#8221;<\/strong><\/a><\/span><\/p>\n<p><span style=\"color: #000000;\">Carlos M. Luis<\/span><br \/><span style=\"color: #000000;\">Miami &#8211; FL, USA, 2004<\/span><br \/><span style=\"color: #000000;\"><em>El Nuevo Herald<\/em><\/span><br \/><span style=\"color: #000000;\">(press)<\/span><\/p>\n<p><span style=\"color: #000000;\"><a style=\"color: #000000;\" title=\"The action \u2013 Jos\u00e9 Bechara, dense weights\" href=\"https:\/\/josebechara.com\/en\/the-action-jose-bechara-dense-weights\/\" target=\"_blank\" rel=\"noopener\"><strong>&#8220;The action \u2013 Jos\u00e9 Bechara, dense weights&#8221;<\/strong><\/a><\/span><\/p>\n<p><span style=\"color: #000000;\">Wilson Coutinho<\/span><br \/><span style=\"color: #000000;\">Rio de Janeiro, Brazil<\/span><br \/><span style=\"color: #000000;\">In exhibition catalogue \u00a0&#8216;<em>Jos\u00e9 Bechara: Comendo Margaridas<\/em> (Eating Daisies)&#8217;, Rio de Janeiro, Brazil, 1998<\/span><\/p>\n\n\n<p><\/p>\n","protected":false},"excerpt":{"rendered":"<p>\u201cArtNexus n. 121\u201dIrina LeyvaDiana Lowenstein Gallery, Miami, United States, 2023Text written for ArtNexus: Arte en Colombia 167, issue no. 121, December 2023 edition. &#8220;Wanderings in the Labyrinth&#8221;Victor GorgulhoLisbon, Portugal, 2025Text written for Jos\u00e9 Bechara\u2019s exhibition [&hellip;]<\/p>\n","protected":false},"author":1,"featured_media":0,"parent":0,"menu_order":0,"comment_status":"closed","ping_status":"closed","template":"","meta":{"footnotes":""},"class_list":["post-270","page","type-page","status-publish","hentry"],"_links":{"self":[{"href":"https:\/\/josebechara.com\/en\/wp-json\/wp\/v2\/pages\/270","targetHints":{"allow":["GET"]}}],"collection":[{"href":"https:\/\/josebechara.com\/en\/wp-json\/wp\/v2\/pages"}],"about":[{"href":"https:\/\/josebechara.com\/en\/wp-json\/wp\/v2\/types\/page"}],"author":[{"embeddable":true,"href":"https:\/\/josebechara.com\/en\/wp-json\/wp\/v2\/users\/1"}],"replies":[{"embeddable":true,"href":"https:\/\/josebechara.com\/en\/wp-json\/wp\/v2\/comments?post=270"}],"version-history":[{"count":10,"href":"https:\/\/josebechara.com\/en\/wp-json\/wp\/v2\/pages\/270\/revisions"}],"predecessor-version":[{"id":1671,"href":"https:\/\/josebechara.com\/en\/wp-json\/wp\/v2\/pages\/270\/revisions\/1671"}],"wp:attachment":[{"href":"https:\/\/josebechara.com\/en\/wp-json\/wp\/v2\/media?parent=270"}],"curies":[{"name":"wp","href":"https:\/\/api.w.org\/{rel}","templated":true}]}}