{"id":627,"date":"2014-03-14T15:20:39","date_gmt":"2014-03-14T15:20:39","guid":{"rendered":"https:\/\/josebechara.com\/en\/?page_id=627"},"modified":"2014-03-14T15:20:39","modified_gmt":"2014-03-14T15:20:39","slug":"deambulations-about-qualities","status":"publish","type":"page","link":"https:\/\/josebechara.com\/en\/deambulations-about-qualities\/","title":{"rendered":"Deambulations  about qualities\u2026"},"content":{"rendered":"<p>Paulo Reis<\/p>\n<p>Lisbon, Portugal, 2010.<br \/>\nIn\u00a0<em>Como piscada de Vaga-lume<\/em>, \u00a0published by Editora R\u00e9ptil, Rio de Janeiro, Brazil, 2010.<\/p>\n<p>&nbsp;<\/p>\n<p style=\"padding-left: 270px;\"><i>Men only understand one another as far as they are imbued by the same passions<a title=\"\" href=\"#_ftn1\"><b>[1]<\/b><\/a><\/i>.<\/p>\n<p style=\"padding-left: 270px;\">(Standhal)<\/p>\n<p>&nbsp;<\/p>\n<p>When Bechara&#8217;s interview was published in <i>Dardo<a title=\"\" href=\"#_ftn2\"><b>[2]<\/b><\/a><\/i> magazine, under the title \u201cFinally a man with qualities\u201d, a title that played with Robert Musil&#8217;s famous book, I thought that the measure of an artist was his promethean effort to reveal mystical truths, as Bruce Nauman put it in his work-manifesto. An artist\u2019s true stature should be measured by his persistence and intelligence in transforming something empirical, thought, through recognized artistic skill. True intelligence, after all, is often identified through qualities not apparent, or even through what I could call intelligent obstinacy. Issues such as these stormed my mind when, last year, I found myself in a beautiful exhibition that brought together the works of C\u00e9zanne and Picasso. The confrontation, in which Picasso revered C\u00e9zanne&#8217;s mastery, by copying him, at times literally, at times by way of citation, made me certain that artistic obstinacy is, at times, worthwhile. I immediately wrote Jos\u00e9 Bechara when I returned to the hotel, ecstatic with the revelation, and this is how our email exchange unfolded:<\/p>\n<p style=\"padding-left: 60px;\">\u00a0Dear Bechara, it has taken me long to answer you, but there were reasons for it. Some personal and some other. I would still like to explain that I did not mean to interview you <i>tout court<\/i>, but instead, to exchange ideas on the work of creation. That is why I am writing you now, having just arrived back from Arles, N\u00eemes, and Avignon, at my destination that is Aix-en-Province. The trip was not motivated by gastronomy, nor the bullfights, I came here exclusively to see the Picasso and C\u00e9zanne exhibition<a title=\"\" href=\"#_ftn3\">[3]<\/a> at the Mus\u00e9e Granet at Aix-en-Province. It is curious that I had already been at these places, but that it had never ocurred to me that art could so profoundly mark a place. <i>Ipso facto<\/i> mythical Arles owes its existance to the fact that Van Gogh made the city known to us and we cannot distinguish the real city from the one depicted by the Dutch painter.<\/p>\n<p style=\"padding-left: 60px;\">C\u00e9sanne started a revolution that shook the art world right here in this small southern European town. He changed art from the inside and took the city beyond its walls&#8230; This exhibition, apart from the its spectacular concept and many years of accumulated research, helped me see even more clearly how some artists \u2013 and their own goals- are relentless forces of human nature. C\u00e9zanne was nine times refused by the Paris salons and he persisted in his pictoric research. And, like the saying goes, revenge is best eaten cold. From that city he not only marked Aix-en-Province, but transformed all art that was to come after him. What admirable tenacity, to face those steep inclines of <i>Mount Victory<\/i> ato see the grooves of the white rock and to be bathed in the streams of light that change the landscape every minute!\u00a0 C\u00e9zanne transformed the physical experience of the landscape into a phenomenology of color, of sensation! I stood at that mountain and all my thoughts were taken by C\u00e9zanne. Such is the power of art! The power impelled Picasso to seek out C\u00e9zanne&#8217;s truth and buy the castle that faces that very mountain. There, in front of C\u00e9zanne&#8217;s mountain, Picasso takes his collections made up, above all, of works by C\u00e9zanne and Matisse [&#8230;]<\/p>\n<p style=\"padding-left: 60px;\">[&#8230;] Picasso always said that he was C\u00e9zanne&#8217;s son, C\u00e9zanne the father of all modernists. In one of his memorable phrases he said that an artist&#8217;s true search is the one that C\u00e9zanne did and Van Gogh took up. For a true artist, all the rest would be false. In this exhibition there were a few exquisitely simple Picasso drawings in imitation of C\u00e9zanne&#8217;s landscapes. A small \u201caixois\u201d street, with is angular conjunctions of houses and roofs, transports us as if to another dimension, to a world where the eye and the spirit are fused into one, as Bachelard wrote about C\u00e9zanne.\u00a0 C\u00e9zanne tried to excavate the flatness of the landscapes, while Picasso stressed the angularity present when he reinterpreted C\u00e9zanne. Such simplicity, such beauty, such potency [&#8230;] It reminded me acutely of your sculpture of a house made in simple drawings \u2013 stamps and washes &#8211; where the solid image of a house fluctuates in immaterial space, as if something trully weightless, contrary to its nature. Is it, to put it like this, is your house the mountain? Because it repeats itself in a dozen, hundreds of drawings that juxtaposed to each other, look like an animated film, imbued with life, something solid that fluctuates in space like a soap bubble<a title=\"\" href=\"#_ftn4\">[4]<\/a>?<\/p>\n<p>In response to my speculations, the artist&#8217;s letter seems to me even more emotional than my own:<\/p>\n<p style=\"padding-left: 60px;\">Hello Paulo [&#8230;] with such an introduction to your question, I don&#8217;t even know what to say. Your description is cinematographic and romantic, so any response of mine would be utterly pale. So that, in all modesty, and in response to the end of your question, the house \u2013 and all that it stands for, outside as well as inside \u2013 yes, it is my moutain. It has been that way for 10 years and it is present in my sculptures, as well as in my drawings, and, in the latter, it has in it the conflict that you mention: that of a solid object, that is physically and psychologically solid, that floats directionless. That is what it is, it is the most simple, direct possible drawing. For me it is like writing about the impossibilities of daily life in spaces that one starts to invent. But it isn&#8217;t exactly in soap bubbles (although the idea you offer is more beautiful) that I see the houses floating. I really think of it as if there were no place for them. As if there were no place for them to settle into. I always think about a poem by Julles Supervielle that says more or less the following:<\/p>\n<p style=\"padding-left: 60px;\" align=\"center\"><i>Procuro em cofres que me cercam brutalmente<\/i><\/p>\n<p style=\"padding-left: 60px;\" align=\"center\"><i>Pondo trevas de pernas para o ar<\/i><\/p>\n<p style=\"padding-left: 60px;\" align=\"center\"><i>Em caixas profundas, profundas,<\/i><\/p>\n<p style=\"padding-left: 60px;\" align=\"center\"><i>Como se j\u00e1 n\u00e3o fossem deste mundo.<\/i><\/p>\n<p style=\"padding-left: 60px;\" align=\"center\"><i>[<\/i><i>I look in vaults that surround me brutaly\/darkness overturned\/in profound, profound,boxes\/as if no longer of this world<\/i><i>]<\/i><\/p>\n<p style=\"padding-left: 60px;\">[&#8230;] I read this perhaps six or eight years ago, and ever since I have been thinking on the impossibilities of a state of things that \u201cp\u00f5e trevas de pernas pro ar\u201d [turns the darkness upside down] . It inspired me a lot, and it impelled me to produce <i>The House<\/i> and later, through drawings, I found a field in which I could explore it better.\u00a0 Our email conversation started a discussion on drawing and it evolved into something more metaphysical:<i>\u00a0<\/i><\/p>\n<p style=\"padding-left: 60px;\">[&#8230;] Dear Jos\u00e9 Bechara, to begin with were must distance ourselves in our conversation from a discussion of style as evoked by W\u00f6lflin<a title=\"\" href=\"#_ftn5\">[5]<\/a>. I believe that, at the time it was written, the author looked at the production of the past that had as a goal to determine a distinction between Michelangelo and Raphael. I think that in modernity the linear and pictorial practices have fused in the concept of object, and today it would have been impossible to write that book. Who is interested in whether an artist is pictoric or linear? I think that back then the distinction helped to distinguish one artist&#8217;s form of action from the other. Today that would be impossible. Drawings were created as foundations, as preliminary \u201csketch\u201d for a final work. There existed the notion of search, in the direction of a final destination, the painting. The modernist affirmation of the artist as freed from any kind of academicism \u2013 whether formal or conceptual \u2013 was key in granting drawing\u00a0 definitive autonomy, a Picasso drawing, it&#8217;s worth noting, is as valuable as a painting. I always think that a drawing is never\u00a0 something that searches beyond itself, but inside itself, since it requires great concentration on the part of the artist, don&#8217;t you think? Since you are a painter who has persisted in the practice of solitary drawing, private, intimate, even, and since your work has been developing itself incisively in other practices such as sulpture and installation, it is only now that it has gained significance along with the other practices and media to the point of exposing them as autonomous. How did this take place, is it a way to show the complexity of your work?<\/p>\n<p style=\"padding-left: 60px;\">Paulo, starting back from the last part of your queston, thank you for considering the form \u201cway to show the complexity of your work\u201d. It is just daily work. My work researches painting, sculpture, drawing and tries to interplay these mediums with visual experiments in hopes that the resulting artistic object, a sculpture for example, implies in an idea for a painting [&#8230;] The time that elapses between them is not measured by conventional time measuring tools. It is a time that is unique to the choices I make when I think about what I am producing, even if it is not yet clear to me. I have realized recently, that it is one of the reasons for organizing and publishing this book, that the drawings that I have produced over the past 20 years are at one and the same time letters about things I have done and also autonomous pieces. This is something I rely on to bring together the body of work in this book that I classify in different categories; among them drawings made for a project, drawin<i>g<\/i>s at the service of a final piece<i>,<\/i> a problem that you also touch on. Well, even these drawings are autonomous to a degree, this double quality is an issue that transpires in the book. Now, as to how to identify this duplicity is not all clear to me; it is fine to say that \u201cfrom modernism onwards, etc&#8230;\u201d During the time I produced the drawings, (or if you prefer, during which I drew) I used to see them as a separate area of my daily work, which, in the begining, when I had just left the Parque Lage, was painting. And I used to draw, let&#8217;s say, silenty, as if I \u201cwrote\u201d, and \u201cnoted down\u201dideas and while I was doing it, I thought. It was for myself, and for no one else, for no ulterior purpose beyond drawing itself [&#8230;] and this used to offer me, as it still does, great freedom. It has only been in the last few years that I became more confident in investigating drawing, in exhausting my possibilities in this area. To finish up, I don&#8217;t think that it is a way to display, decipher, the relations and connections in my work, but it is a path to approach the body of my work in painting and sculture.<\/p>\n<p><i>\u00a0<\/i><\/p>\n<p>I think that the Jos\u00e9 Bechara&#8217;s work, as F\u00e1tima Lambert writes \u201cdevelops around precise concepts that translate the centrality of art in relation to life, in a sense that I would dare to say, is practically that of &#8216;survival&#8217;. Thus emerge productions around the series The House (<i>Casa<\/i>)\u00a0 for example, the paintings called <em>Cadernos r\u00e1pidos, Merc\u00fario <\/em><em>and Paramarelos. <\/em><em>To abide in, to be in [&#8230;], on the one hand, and, on the other, to reaffirm\u00a0 abstract and cognitive fields through writing, drawings and objects able to channel it, are priviledged domains that synthesize the cohesion of the aesthetics and thought of a Brazilian<a title=\"\" href=\"#_ftn6\"><em>[6]<\/em><\/a> author (as an artist)\u201d. A type of expansion of the already expanded fields that are the practices of sculpture, drawing, painting and installation. A work of art today exists as a symptom of continuated expansion as we can see in artists such as Franz Ackerman, Tobias Rehberger, and Jos\u00e9 Bechara as they evoke a randomic and deambulating disposition between sculpture, drawing and painting.<\/em><\/p>\n<p><em>\u00a0Nicolas Bourriaud wrote, in a brief essay entitled \u201c<\/em><em>relational aesthetics\u201d<a title=\"\" href=\"#_ftn7\"><em><b>[7]<\/b><\/em><\/a>,<\/em><em> that artistic activity is not constituted of an immutable essence, but of a play in which form, modality, and function, evolve according to social settings and historical period. Critics evoke the notion of time and space to understand a work of art in a global world. He notes that art critics are charged with the task of studying artworks in the present, exchanging information with artists, studying their motivations and acting as intermediaries with the public. Borriaud makes a complaint, stating that modern criticism has reached a point of relative exhaustion, having been emptied out the aesthetic criteria of content, drawing on judgment handed down from the past that we continue to apply to current artistic practice. Which is illogical, since \u201cnovelty is no longer valid criteria, except for among those outdated detractors of modern art who retain of the hateful present only that which their traditionalist culture taught them to find abominating in the art of the past.\u201d In order to create more efficient tools and more adequate points of view, it is important to aprehend the transformations that are happening now in the social world, to capture what has already changed and what continues to change. How can one understand the artistic behaviors manifest over the last two decades and their respective ways of thought, if not by taking part in the same situations the artists participate in, this is the question posed by Bourriaud. It posits that it is only through sharing experience that it is possible to arrive at a possible answer. Alied to an intelligent obstinacy, artists must experience their artistic reveries, float like a soap bubble, or throw \u201cdarkness overturned, in boxes, boxes, profound, profound as if not longer of this world\u201d. <\/em><\/p>\n<p><i>\u00a0<\/i><\/p>\n<p><em>Paulo Reis<\/em><\/p>\n<p><em>Lisboa, janeiro 2010<\/em><\/p>\n<p><em>\u00a0\u00a0 <\/em><\/p>\n<div>\n<p>&nbsp;<\/p>\n<hr align=\"left\" size=\"1\" width=\"33%\" \/>\n<div>\n<p><a title=\"\" href=\"#_ftnref1\">[1]<\/a>\u00a0\u00a0\u00a0\u00a0\u00a0\u00a0\u00a0\u00a0\u00a0 <i>C&#8217;est que les hommes ne se comprennent qu&#8217;\u00e0 mesure qu&#8217;ils sont anim\u00e9s des m\u00eames passions<\/i> Stendhal. <i>Oeuvres de Stendhal<\/i>\u200e, v. 28.<\/p>\n<\/div>\n<div>\n<p><a title=\"\" href=\"#_ftnref2\">[2]<\/a><i>\u00a0\u00a0\u00a0\u00a0\u00a0\u00a0\u00a0\u00a0\u00a0 Dardo<\/i>, n. 9. Santiago de Compostela: Dardo ds, 2008.<\/p>\n<\/div>\n<div>\n<p><a title=\"\" href=\"#_ftnref3\">[3]<\/a>\u00a0\u00a0\u00a0\u00a0\u00a0\u00a0\u00a0\u00a0\u00a0 \u201cC\u00e9zanne \u2013 Picasso, deux ma\u00eetres face \u00e0 face\u201c. Mus\u00e9e Granet, Aix-en-Province, Fran\u00e7a, 2009.<\/p>\n<\/div>\n<div>\n<p><a title=\"\" href=\"#_ftnref4\">[4]<\/a>\u00a0\u00a0 Emails exchanged with the artist.<\/p>\n<\/div>\n<div>\n<p><a title=\"\" href=\"#_ftnref5\">[5]<\/a>\u00a0\u00a0\u00a0\u00a0\u00a0\u00a0\u00a0\u00a0\u00a0 Heirich W\u00f6lflin. <i>Conceitos fundamentais da hist\u00f3ria da arte<\/i>. S\u00e3o Paulo: Martins Fontes, 1989.<\/p>\n<\/div>\n<div>\n<p><a title=\"\" href=\"#_ftnref6\">[6]<\/a>\u00a0\u00a0\u00a0\u00a0\u00a0\u00a0\u00a0\u00a0\u00a0 Maria de F\u00e1tima Lambert. In <i>Jos\u00e9 Bechara \u2013 essa \u201ccinza das horas<\/i>\u201d. Available at <a href=\"https:\/\/josebechara.com\/\">www.josebechara.com<\/a><\/p>\n<\/div>\n<div>\n<p><a title=\"\" href=\"#_ftnref7\">[7]<\/a>\u00a0\u00a0 Nicolas Bourriaud. <i>Esth\u00e9tique relationnelle<\/i>. Dijon: Les presses du r\u00e9el, 1998 (<i>Est\u00e9tica relacional<\/i>. S\u00e3o Paulo: Martins Fontes, 2009).<\/p>\n<\/div>\n<\/div>\n","protected":false},"excerpt":{"rendered":"<p>Paulo Reis Lisbon, Portugal, 2010. In\u00a0Como piscada de Vaga-lume, \u00a0published by Editora R\u00e9ptil, Rio de Janeiro, Brazil, 2010. &nbsp; Men only understand one another as far as they are imbued by the same passions[1]. (Standhal) [&hellip;]<\/p>\n","protected":false},"author":1,"featured_media":0,"parent":0,"menu_order":0,"comment_status":"closed","ping_status":"closed","template":"","meta":{"footnotes":""},"class_list":["post-627","page","type-page","status-publish","hentry"],"_links":{"self":[{"href":"https:\/\/josebechara.com\/en\/wp-json\/wp\/v2\/pages\/627","targetHints":{"allow":["GET"]}}],"collection":[{"href":"https:\/\/josebechara.com\/en\/wp-json\/wp\/v2\/pages"}],"about":[{"href":"https:\/\/josebechara.com\/en\/wp-json\/wp\/v2\/types\/page"}],"author":[{"embeddable":true,"href":"https:\/\/josebechara.com\/en\/wp-json\/wp\/v2\/users\/1"}],"replies":[{"embeddable":true,"href":"https:\/\/josebechara.com\/en\/wp-json\/wp\/v2\/comments?post=627"}],"version-history":[{"count":2,"href":"https:\/\/josebechara.com\/en\/wp-json\/wp\/v2\/pages\/627\/revisions"}],"predecessor-version":[{"id":629,"href":"https:\/\/josebechara.com\/en\/wp-json\/wp\/v2\/pages\/627\/revisions\/629"}],"wp:attachment":[{"href":"https:\/\/josebechara.com\/en\/wp-json\/wp\/v2\/media?parent=627"}],"curies":[{"name":"wp","href":"https:\/\/api.w.org\/{rel}","templated":true}]}}